{"id":882,"date":"2016-06-04T23:54:36","date_gmt":"2016-06-04T18:24:36","guid":{"rendered":"http:\/\/localhost\/stemframework\/?page_id=882"},"modified":"2025-08-05T17:40:50","modified_gmt":"2025-08-05T15:40:50","slug":"the-company","status":"publish","type":"page","link":"https:\/\/www.petaw.fr\/fr\/the-company\/","title":{"rendered":"NOUS SOMMES"},"content":{"rendered":"<p>[vc_row][vc_column]<span class=\"label label-default\" style=&quot;no&quot;>NOUS SOMMES<\/span>[vc_column_text]<\/p>\n<h4 class=\"subtitle\" style=\"font-family: Roboto;\"><span lang=\"en\" tabindex=\"0\">PETAW (Project Engineering &amp; Technical Assistance Worldwide) <\/span><span lang=\"fr\" tabindex=\"0\">est une ing\u00e9nierie de conseils, d&rsquo;assistance technique et de management de projets, fournissant des services d&rsquo;ing\u00e9nierie globale dans les domaines des structures onshore, marines et offshore&#8230;<\/span><span lang=\"en\" tabindex=\"0\">\u00a0<\/span><\/h4>\n<p><span lang=\"fr\" tabindex=\"0\">Nous concevons, calculons et analysons des structures b\u00e9ton arm\u00e9 et pr\u00e9contraint, des structures bois, des structures m\u00e9talliques et mixtes, ainsi que leurs lots techniques associ\u00e9s, dans une large gamme de projets d&rsquo;ing\u00e9nierie civile et structures dans le Monde.<\/span><\/p>\n<p><span lang=\"fr\" tabindex=\"0\">Nous analysons chaque projet en fonction de la coutume, du budget et de la qualit\u00e9 requise, afin d&rsquo;offrir \u00e0 nos clients des solutions conformes aux r\u00e8gles de l&rsquo;art.<\/span><\/p>\n<p><span lang=\"fr\" tabindex=\"0\">Nous sommes dans un processus d&rsquo;am\u00e9lioration continue de nos comp\u00e9tences et expertise au service d&rsquo;un d\u00e9veloppement durable.<\/span><\/p>\n<p><span lang=\"fr\" tabindex=\"0\">Nous sommes impatients d&rsquo;accompagner nos clients tout au long de leur projet, notre d\u00e9fi commun&#8230;<\/span>[\/vc_column_text][vc_empty_space height=\u00a0\u00bb20px\u00a0\u00bb]<blockquote>\n<h4 class=\"subtitle\" style=\"text-align: center;\"><em><span lang=\"en\" tabindex=\"0\">PETAW : FOURNISSEUR DE SERVICES D\u2019ING\u00c9NIERIE, D&rsquo;ASSISTANCE TECHNIQUE &amp; DE MANAGEMENT DE PROJETS<\/span><\/em><\/h4>\n<\/blockquote>[vc_empty_space height=\u00a0\u00bb20px\u00a0\u00bb][\/vc_column][\/vc_row][vc_row][vc_column width=\u00a0\u00bb1\/2&Prime;][vc_column_text]<\/p>\n<h4 class=\"subtitle\">Les consultants de PETAW ont une exp\u00e9rience professionnelle et des comp\u00e9tences reconnues dans les secteurs de l\u2019ing\u00e9nierie, de la construction et des \u00e9nergies et ils sont :<\/h4>\n<ul>\n<li>Exp\u00e9riment\u00e9s de plusieurs ann\u00e9es dans la conception, l&rsquo;ing\u00e9nierie de terrain, le management de projets, avec la volont\u00e9 d&rsquo;en apprendre davantage.<\/li>\n<li>Polyvalents aussi bien dans les domaines techniques que dans le management de projets, avec de bonnes comp\u00e9tences interpersonnelles, analytiques, organisationnelles et de communication.<\/li>\n<li>Sp\u00e9cialis\u00e9s dans la charpente m\u00e9tallique, le b\u00e9ton arm\u00e9 et pr\u00e9contraint et les structures mixtes en onshore, marine et offshore et toute autre discipline associ\u00e9e ou connexe.<\/li>\n<li>Familiers avec les principaux codes, logiciels et normes internationaux de conception, de calcul, de fabrication et de construction.<\/li>\n<li>Capables de conduire des projets d\u2019ing\u00e9nierie de grande valeur ajout\u00e9e, dans un environnement multidisciplinaire et multiculturel.<\/li>\n<li>Capables de s&rsquo;adapter rapidement \u00e0 tout nouveau logiciel de conception, de calcul et de construction et \u00e0 tout nouvel environnement de travail.<\/li>\n<li>Pr\u00eats \u00e0 \u00eatre d\u00e9ploy\u00e9s \u00e0 l&rsquo;\u00e9chelle nationale et\/ou internationale, dans des d\u00e9lais brefs, pour des p\u00e9riodes longues et sur diff\u00e9rents types de projets.<\/li>\n<\/ul>\n<p>[\/vc_column_text][\/vc_column][vc_column css_animation=\u00a0\u00bbzoomIn\u00a0\u00bb width=\u00a0\u00bb1\/2&Prime;][vc_empty_space height=\u00a0\u00bb20px\u00a0\u00bb][vc_single_image image=\u00a0\u00bb3069&Prime; img_size=\u00a0\u00bbmedium\u00a0\u00bb alignment=\u00a0\u00bbcenter\u00a0\u00bb onclick=\u00a0\u00bbimg_link_large\u00a0\u00bb css_animation=\u00a0\u00bbnone\u00a0\u00bb][vc_empty_space height=\u00a0\u00bb5px\u00a0\u00bb][vc_column_text]<\/p>\n<h4 class=\"subtitle\">Nous sommes une \u00e9quipe exp\u00e9riment\u00e9e et d\u00e9vou\u00e9e de professionnels de l&rsquo;ing\u00e9nierie, travaillant en \u00e9troite collaboration avec nos clients, partenaires, architectes, ing\u00e9nieurs et autres professionnels et d\u00e9sireux de fournir des services d\u2019ing\u00e9nierie et de conseil les plus personnalis\u00e9s qui aident nos clients \u00e0 optimiser et \u00e0 r\u00e9aliser leurs projets dans les d\u00e9lais, avec la qualit\u00e9 requise, dans leur budget et nous sommes disponibles dans le monde entier&#8230;<span lang=\"en\" tabindex=\"0\"><br \/>\n<\/span><\/h4>\n<p>[\/vc_column_text][\/vc_column][\/vc_row][vc_row][vc_column][vc_empty_space height=\u00a0\u00bb20px\u00a0\u00bb]<div class=\"row stats stats-2\"><div class=\"col-xs-6\"><img decoding=\"async\" src=\"https:\/\/www.petaw.fr\/wp-content\/uploads\/2016\/06\/globe.png\" class=\"counter-img\" alt=\"counter\" \/><div class=\"stats-info\">\r\n                        <h4 class=\"counter\">3<\/h4>\r\n                        <p>FRANCE &#8211; SENEGAL &#8211; COTE D&rsquo;IVOIRE<\/p>\n\r\n                    <\/div><\/div><div class=\"col-xs-6\"><img decoding=\"async\" src=\"https:\/\/www.petaw.fr\/wp-content\/uploads\/2016\/06\/friends.png\" class=\"counter-img\" alt=\"counter\" \/><div class=\"stats-info\">\r\n                        <h4 class=\"counter\">100<\/h4>\r\n                        <p>% Expertise<\/p>\n\r\n                    <\/div><\/div><div class=\"col-xs-6\"><img decoding=\"async\" src=\"https:\/\/www.petaw.fr\/wp-content\/uploads\/2016\/06\/badge.png\" class=\"counter-img\" alt=\"counter\" \/><div class=\"stats-info\">\r\n                        <h4 class=\"counter\">100<\/h4>\r\n                        <p>% Qualit\u00e9<\/p>\n\r\n                    <\/div><\/div><div class=\"col-xs-6\"><img decoding=\"async\" src=\"https:\/\/www.petaw.fr\/wp-content\/uploads\/2016\/06\/badge.png\" class=\"counter-img\" alt=\"counter\" \/><div class=\"stats-info\">\r\n                        <h4 class=\"counter\">100<\/h4>\r\n                        <p>% Performance<\/p>\n\r\n                    <\/div><\/div><\/div>[vc_empty_space height=\u00a0\u00bb40px\u00a0\u00bb]<div class=\"panel-group\" id=\"accordion-882-1\"><div class=\"panel panel-default\">\r\n            <div class=\"panel-heading\">\r\n                <h4 class=\"panel-title\"> \r\n                    <a class=\"collapsed\" data-toggle=\"collapse\" data-parent=\"#accordion-882-1\" href=\"#5105232e48b276128\">PETAW_Professionals<\/a>\r\n                <\/h4>\r\n            <\/div>\r\n            <div id=\"5105232e48b276128\" class=\"panel-collapse collapse in\">\r\n                <div class=\"panel-body\">\r\n                    <p><span lang=\"fr\" tabindex=\"0\">(Ing\u00e9nierie de Projet et Assistance Technique dans le Monde entier). Nos ing\u00e9nieurs sont bas\u00e9s en France avec une exp\u00e9rience professionnelle et des comp\u00e9tences reconnues dans les secteurs de l&rsquo;ing\u00e9nierie, des \u00e9nergies et de la construction.<\/span><\/p>\n\r\n                <\/div>\r\n            <\/div>\r\n        <\/div><div class=\"panel panel-default\">\r\n            <div class=\"panel-heading\">\r\n                <h4 class=\"panel-title\"> \r\n                    <a data-toggle=\"collapse\" data-parent=\"#accordion-882-1\" href=\"#96ac17c88b1b55aa1\">PETAW_OverSeas_Africa<\/a>\r\n                <\/h4>\r\n            <\/div>\r\n            <div id=\"96ac17c88b1b55aa1\" class=\"panel-collapse collapse\">\r\n                <div class=\"panel-body\">\r\n                    <p><span lang=\"en\" tabindex=\"0\">(<\/span><span lang=\"fr\" tabindex=\"0\">Ing\u00e9nierie de Projet et Assistance Technique en Afrique et particuli\u00e8rement en Afrique de l\u2019Ouest). Nos ing\u00e9nieurs sont bas\u00e9s au S\u00e9n\u00e9gal et en C\u00f4te d&rsquo;Ivoire avec une exp\u00e9rience professionnelle et des comp\u00e9tences reconnues dans les secteurs de l&rsquo;ing\u00e9nierie, des \u00e9nergies et de la construction.<\/span><span lang=\"en\" tabindex=\"0\">\n<\/span><\/p>\n\r\n                <\/div>\r\n            <\/div>\r\n        <\/div><div class=\"panel panel-default\">\r\n            <div class=\"panel-heading\">\r\n                <h4 class=\"panel-title\"> \r\n                    <a data-toggle=\"collapse\" data-parent=\"#accordion-882-1\" href=\"#8e6efdf34234b3665\">PETAW_Offshore_Engineering<\/a>\r\n                <\/h4>\r\n            <\/div>\r\n            <div id=\"8e6efdf34234b3665\" class=\"panel-collapse collapse\">\r\n                <div class=\"panel-body\">\r\n                    <p><span lang=\"en\" tabindex=\"0\">(<\/span><span lang=\"fr\" tabindex=\"0\">Ing\u00e9nierie de Projet et Assistance Technique en Afrique et particuli\u00e8rement en Afrique de l\u2019Ouest, dans les domaines des Services Maritimes et Offshore). Nos ing\u00e9nieurs sont bas\u00e9s au S\u00e9n\u00e9gal et en C\u00f4te d&rsquo;Ivoire avec une exp\u00e9rience professionnelle et des comp\u00e9tences reconnues dans les secteurs de l&rsquo;ing\u00e9nierie des travaux maritimes, subsea et offshore.<\/span><span lang=\"en\" tabindex=\"0\">\n<\/span><\/p>\n\r\n                <\/div>\r\n            <\/div>\r\n        <\/div><div class=\"panel panel-default\">\r\n            <div class=\"panel-heading\">\r\n                <h4 class=\"panel-title\"> \r\n                    <a data-toggle=\"collapse\" data-parent=\"#accordion-882-1\" href=\"#db9334bf55f4aad2f\">PTW_100_Series<\/a>\r\n                <\/h4>\r\n            <\/div>\r\n            <div id=\"db9334bf55f4aad2f\" class=\"panel-collapse collapse\">\r\n                <div class=\"panel-body\">\r\n                    <p><span class=\"Y2IQFc\" lang=\"fr\">PTW_100_Series promeut, con\u00e7oit et d\u00e9veloppe des structures embl\u00e9matiques avec des solutions architecturales, d&rsquo;ing\u00e9nierie et de constructibilit\u00e9 remarquables, con\u00e7ues sur mesure pour les d\u00e9fis techniques les plus complexes.<\/span><\/p>\n\r\n                <\/div>\r\n            <\/div>\r\n        <\/div><div class=\"panel panel-default\">\r\n            <div class=\"panel-heading\">\r\n                <h4 class=\"panel-title\"> \r\n                    <a data-toggle=\"collapse\" data-parent=\"#accordion-882-1\" href=\"#f966c402d04037ae9\">PETAW_Energies<\/a>\r\n                <\/h4>\r\n            <\/div>\r\n            <div id=\"f966c402d04037ae9\" class=\"panel-collapse collapse\">\r\n                <div class=\"panel-body\">\r\n                    <p>PETAW Energies est la branche de PETAW qui s&rsquo;occupe de toutes les probl\u00e9matiques d&rsquo;ing\u00e9nierie et de management de nos projets en \u00e9nergies conventionnelles, nouvelles et renouvelables dans le BTP, l&rsquo;Industrie, l&rsquo;Eau et l&rsquo;Environnement.<\/p>\n\r\n                <\/div>\r\n            <\/div>\r\n        <\/div><\/div>[vc_empty_space height=\u00a0\u00bb80px\u00a0\u00bb][\/vc_column][\/vc_row]<\/p>","protected":false},"excerpt":{"rendered":"<p>[vc_row][vc_column][vc_column_text] PETAW (Project Engineering &amp; Technical Assistance Worldwide) est une ing\u00e9nierie de conseils, d&rsquo;assistance technique [&hellip;]<\/p>\n","protected":false},"author":1,"featured_media":0,"parent":0,"menu_order":0,"comment_status":"closed","ping_status":"closed","template":"","meta":{"footnotes":""},"class_list":["post-882","page","type-page","status-publish","hentry"],"_links":{"self":[{"href":"https:\/\/www.petaw.fr\/fr\/wp-json\/wp\/v2\/pages\/882","targetHints":{"allow":["GET"]}}],"collection":[{"href":"https:\/\/www.petaw.fr\/fr\/wp-json\/wp\/v2\/pages"}],"about":[{"href":"https:\/\/www.petaw.fr\/fr\/wp-json\/wp\/v2\/types\/page"}],"author":[{"embeddable":true,"href":"https:\/\/www.petaw.fr\/fr\/wp-json\/wp\/v2\/users\/1"}],"replies":[{"embeddable":true,"href":"https:\/\/www.petaw.fr\/fr\/wp-json\/wp\/v2\/comments?post=882"}],"version-history":[{"count":177,"href":"https:\/\/www.petaw.fr\/fr\/wp-json\/wp\/v2\/pages\/882\/revisions"}],"predecessor-version":[{"id":3147,"href":"https:\/\/www.petaw.fr\/fr\/wp-json\/wp\/v2\/pages\/882\/revisions\/3147"}],"wp:attachment":[{"href":"https:\/\/www.petaw.fr\/fr\/wp-json\/wp\/v2\/media?parent=882"}],"curies":[{"name":"wp","href":"https:\/\/api.w.org\/{rel}","templated":true}]}}