{"id":903,"date":"2016-06-05T01:34:33","date_gmt":"2016-06-04T20:04:33","guid":{"rendered":"http:\/\/localhost\/stemframework\/?page_id=903"},"modified":"2025-04-03T09:17:01","modified_gmt":"2025-04-03T07:17:01","slug":"our-mission","status":"publish","type":"page","link":"https:\/\/www.petaw.fr\/fr\/our-mission\/","title":{"rendered":"QUE FAISONS-NOUS"},"content":{"rendered":"<p>[vc_row][vc_column]<span class=\"label label-default\" style=&quot;no&quot;>NOTRE MISSION<\/span>[vc_column_text]<\/p>\n<h4 class=\"subtitle\">PETAW (Project Engineering &amp; Technical Assistance Worldwide) SARL est d&rsquo;abord une ing\u00e9nierie en g\u00e9nie civil &amp; structures avec une culture de r\u00e9sultats enti\u00e8rement d\u00e9di\u00e9e \u00e0 la satisfaction de ses clients.<\/h4>\n<p>Nous travaillons en partenariat avec nos clients pour r\u00e9aliser des projets s\u00fbrs et \u00e9conomiques et nous les servons en mobilisant des ing\u00e9nieurs et projeteurs-dessinateurs appropri\u00e9s et fiables, ainsi que des sp\u00e9cialistes au sein de leurs \u00e9quipes projet, dans nos propres bureaux d\u2019\u00e9tudes et\/ou sur le site de la r\u00e9alisation de leur projet.[\/vc_column_text][\/vc_column][\/vc_row][vc_row][vc_column width=\u00a0\u00bb1\/2&Prime;][vc_single_image image=\u00a0\u00bb1437&Prime; img_size=\u00a0\u00bb600&#215;316&Prime; alignment=\u00a0\u00bbcenter\u00a0\u00bb][\/vc_column][vc_column width=\u00a0\u00bb1\/2&Prime;][vc_single_image image=\u00a0\u00bb1434&Prime; img_size=\u00a0\u00bb600&#215;340&Prime; alignment=\u00a0\u00bbcenter\u00a0\u00bb][\/vc_column][\/vc_row][vc_row][vc_column][vc_column_text]<\/p>\n<h4 class=\"subtitle\">Nous r\u00e9alisons des t\u00e2ches techniques et manag\u00e9riales en relation avec la conception, la v\u00e9rification et le calcul r\u00e9glementaire (Local\u00a0 &amp; International) de structures avec toutes les disciplines associ\u00e9es ou connexes, en interface avec les autres sp\u00e9cialistes projet, ainsi que les projeteurs dessinateurs comme :<\/h4>\n<p>[\/vc_column_text][\/vc_column][\/vc_row][vc_row][vc_column width=\u00a0\u00bb1\/2&Prime;][vc_column_text]<\/p>\n<ul class=\"list-bordered\">\n<li>Coordination des activit\u00e9s techniques effectu\u00e9es en interne dans la soci\u00e9t\u00e9 avec celles en externe aupr\u00e8s de nos clients et partenaires.<\/li>\n<li>R\u00e9vision &amp; impl\u00e9mentation de la documentation technique du client suivant les exigences de son projet.<\/li>\n<li>Contr\u00f4le des documents d\u2019ing\u00e9nierie des sous-traitants \u00e0 l\u2019int\u00e9rieur &amp; \u00e0 l\u2019ext\u00e9rieur de la soci\u00e9t\u00e9.<\/li>\n<li>Mise en place &amp; ex\u00e9cution des activit\u00e9s d\u2019ing\u00e9nierie assign\u00e9es \u00e0 savoir : conception g\u00e9n\u00e9rale &amp; ing\u00e9nierie de base &amp; d\u00e9taill\u00e9e, v\u00e9rifications &amp; \u00e9tudes techniques r\u00e9glementaires relevant de tout sujet d\u2019ing\u00e9nierie associ\u00e9 \u00e0 la discipline.<\/li>\n<li>Coordination inter-disciplines d&rsquo;ing\u00e9nierie avec la m\u00e9canique, l&rsquo;\u00e9lectricit\u00e9 &amp; l&rsquo;instrumentation, le process, la tuyauterie, la plomberie, le chauffage, la ventilation &amp; la climatisation (CVC) etc.<\/li>\n<li><span class=\"HwtZe\" lang=\"fr\"><span class=\"jCAhz ChMk0b\"><span class=\"ryNqvb\">Analyse et inspection de structures de b\u00e2timents, de ponts et d&rsquo;infrastructures, de complexes d&rsquo;installations industrielles et de grands ouvrages pour l&rsquo;\u00e9nergie.<\/span><\/span><\/span><\/li>\n<\/ul>\n<p>[\/vc_column_text][\/vc_column][vc_column width=\u00a0\u00bb1\/2&Prime;][vc_column_text]<\/p>\n<ul class=\"list-bordered\">\n<li>Pr\u00e9paration des sp\u00e9cifications techniques client, d\u00e9veloppement des mod\u00e8les \u00e9l\u00e9ments finis, r\u00e9daction et approbation des notes de calcul.<\/li>\n<li>Supervision &amp; validation de la conception structurelle, des maquettes 4D, 3D &amp; plans d\u2019ex\u00e9cution de structures m\u00e9talliques &amp; bois, de b\u00e9ton arm\u00e9 &amp; pr\u00e9contraint, de structures mixtes ainsi que de leurs fondations.<\/li>\n<li>Provision, supervision &amp; validation des \u00e9tudes des lots techniques associ\u00e9s comme pour la M\u00e9canique, l\u2019\u00c9lectricit\u00e9, l&rsquo;Instrumentation &amp; l&rsquo;Automation, les Proc\u00e9d\u00e9s, la Tuyauterie Industrielle, le CVC &amp; la Plomberie etc.<\/li>\n<li>Pr\u00e9paration des MTOs, des BOQs &amp; des SOWs, ainsi que des sp\u00e9cifications techniques d&rsquo;\u00e9tudes ou d&rsquo;ex\u00e9cution des travaux pour les bureaux d\u2019\u00e9tudes &amp; entreprises de construction sous-traitants.<\/li>\n<li>Gestion de toutes les interfaces avec les sp\u00e9cialistes projets concernant la r\u00e9solution des probl\u00e9matiques d\u2019ing\u00e9nierie, pendant toutes les phases de la r\u00e9alisation d\u2019un projet (conception, \u00e9tudes, approvisionnement, fabrication, construction, op\u00e9ration, maintenance etc.).<\/li>\n<\/ul>\n<p>[\/vc_column_text][\/vc_column][\/vc_row][vc_row][vc_column][vc_column_text]<\/p>\n<h4 class=\"subtitle\">Nous accompagnons et assistons techniquement nos clients tout au long de la dur\u00e9e de vie de leurs projets, des \u00e9tudes de faisabilit\u00e9, aux \u00e9tudes de conception et d&rsquo;ex\u00e9cution, voire dans le management de leurs constructions :<\/h4>\n<p>[\/vc_column_text][\/vc_column][\/vc_row][vc_row][vc_column width=\u00a0\u00bb1\/2&Prime;][vc_toggle title=\u00a0\u00bbEtudes d&rsquo;Avant Projet\u00a0\u00bb]EFA : \u00c9tudes de Faisabilit\u00e9<\/p>\n<p>PDI : Plans Directeurs<\/p>\n<p>PFI : Plans de Financement<\/p>\n<p>ESQ : Esquisses<\/p>\n<p>DBE : D\u00e9finition Besoins<\/p>\n<p>APS : Avant Projet Sommaire<\/p>\n<p>APD : Avant Projet D\u00e9taill\u00e9[\/vc_toggle][\/vc_column][vc_column width=\u00a0\u00bb1\/2&Prime;][vc_toggle title=\u00a0\u00bbEtudes de Projet\u00a0\u00bb]ECO : \u00c9tudes de Conception Multi-Disciplines<\/p>\n<p>EXE : \u00c9tudes d&rsquo;Ex\u00e9cution Multi-Disciplines<\/p>\n<p>VISA : Validation des \u00c9tudes d&rsquo;Ex\u00e9cution<\/p>\n<p>DET : Direction des \u00c9tudes et des Travaux<\/p>\n<p>DCE : Dossier de Consultation Entreprises<\/p>\n<p>DOE : Dossier des Ouvrages Ex\u00e9cut\u00e9s<\/p>\n<p>BIM : Maquette Num\u00e9rique du B\u00e2timent[\/vc_toggle][\/vc_column][\/vc_row][vc_row][vc_column width=\u00a0\u00bb1\/2&Prime;][vc_toggle title=\u00a0\u00bbManagement Construction\u00a0\u00bb]QHSE : Assurance &amp; Contr\u00f4le Qualit\u00e9, Management HSE<\/p>\n<p>PLAN : Management Planning &amp; M\u00e9thodes<\/p>\n<p>ACH : Assistance Achats &amp; Approvisionnement (CAPEX &amp; OPEX)<\/p>\n<p>OPC : Ordonnancement, Pilotage &amp; Coordination<\/p>\n<p>INS : Inspection &amp; Supervision Travaux<\/p>\n<p>COM : Op\u00e9rations de Mise en Service[\/vc_toggle][\/vc_column][vc_column width=\u00a0\u00bb1\/2&Prime;][vc_toggle title=\u00a0\u00bbAssistance Technique\u00a0\u00bb]ATC : Assistance Technique \u00c9tudes de Conception<\/p>\n<p>ATE : Assistance Technique \u00c9tudes d&rsquo;Ex\u00e9cution<\/p>\n<p>MDP : Mise \u00e0 Disposition de Personnel &amp; Plateau Projet<\/p>\n<p>ACT : Assistance \u00e0 Contrat de Travaux<\/p>\n<p>AOR : Assistance aux Op\u00e9rations de R\u00e9ception<\/p>\n<p>CON : Conseil, Formation &amp; Expertise Technique[\/vc_toggle][\/vc_column][\/vc_row]<\/p>","protected":false},"excerpt":{"rendered":"<p>[vc_row][vc_column][vc_column_text] PETAW (Project Engineering &amp; Technical Assistance Worldwide) SARL est d&rsquo;abord une ing\u00e9nierie en g\u00e9nie [&hellip;]<\/p>\n","protected":false},"author":1,"featured_media":0,"parent":0,"menu_order":0,"comment_status":"closed","ping_status":"closed","template":"","meta":{"footnotes":""},"class_list":["post-903","page","type-page","status-publish","hentry"],"_links":{"self":[{"href":"https:\/\/www.petaw.fr\/fr\/wp-json\/wp\/v2\/pages\/903","targetHints":{"allow":["GET"]}}],"collection":[{"href":"https:\/\/www.petaw.fr\/fr\/wp-json\/wp\/v2\/pages"}],"about":[{"href":"https:\/\/www.petaw.fr\/fr\/wp-json\/wp\/v2\/types\/page"}],"author":[{"embeddable":true,"href":"https:\/\/www.petaw.fr\/fr\/wp-json\/wp\/v2\/users\/1"}],"replies":[{"embeddable":true,"href":"https:\/\/www.petaw.fr\/fr\/wp-json\/wp\/v2\/comments?post=903"}],"version-history":[{"count":120,"href":"https:\/\/www.petaw.fr\/fr\/wp-json\/wp\/v2\/pages\/903\/revisions"}],"predecessor-version":[{"id":3121,"href":"https:\/\/www.petaw.fr\/fr\/wp-json\/wp\/v2\/pages\/903\/revisions\/3121"}],"wp:attachment":[{"href":"https:\/\/www.petaw.fr\/fr\/wp-json\/wp\/v2\/media?parent=903"}],"curies":[{"name":"wp","href":"https:\/\/api.w.org\/{rel}","templated":true}]}}