{"id":919,"date":"2016-06-07T15:40:40","date_gmt":"2016-06-07T10:10:40","guid":{"rendered":"http:\/\/localhost\/stemframework\/?page_id=919"},"modified":"2025-08-04T15:27:14","modified_gmt":"2025-08-04T13:27:14","slug":"our-approach","status":"publish","type":"page","link":"https:\/\/www.petaw.fr\/fr\/our-approach\/","title":{"rendered":"MARCHES"},"content":{"rendered":"<p>[vc_row 0=\u00a0\u00bb\u00a0\u00bb][vc_column width=\u00a0\u00bb1\/2&Prime;][vc_images_carousel images=\u00a0\u00bb2211,2218,2223,2225,2217&Prime; img_size=\u00a0\u00bbfull\u00a0\u00bb autoplay=\u00a0\u00bbyes\u00a0\u00bb hide_pagination_control=\u00a0\u00bbyes\u00a0\u00bb hide_prev_next_buttons=\u00a0\u00bbyes\u00a0\u00bb wrap=\u00a0\u00bbyes\u00a0\u00bb css_animation=\u00a0\u00bbfadeIn\u00a0\u00bb][\/vc_column][vc_column width=\u00a0\u00bb1\/2&Prime;][vc_column_text 0=\u00a0\u00bb\u00a0\u00bb]<\/p>\n<h4 class=\"subtitle\" style=\"font-family: Roboto; font-size: 28px;\">MARCHES<\/h4>\n<h4 class=\"subtitle\">PETAW (Project Engineering &amp; Technical Assistance Worldwide) SARL est un bureau d\u2019ing\u00e9nierie globale, de conseils et d&rsquo;assistance technique, sp\u00e9cialis\u00e9 dans les domaines des structures onshore, marines et offshore&#8230;<\/h4>\n<p>[\/vc_column_text][\/vc_column][\/vc_row][vc_row 0=\u00a0\u00bb\u00a0\u00bb][vc_column width=\u00a0\u00bb1\/2&Prime;][vc_column_text 0=\u00a0\u00bb\u00a0\u00bb]<\/p>\n<h4 class=\"subtitle\">Nous fournissons des services de conception, d&rsquo;assistance technique et de management de projets, en bureau d&rsquo;\u00e9tude technique et\/ou sur le chantier de la r\u00e9alisation des projets, principalement dans les domaines suivants :<\/h4>\n<p><strong>\u2022 B\u00e2timents et Travaux Publics,<\/strong><\/p>\n<p><strong>\u2022 Ponts et Infrastructures,<\/strong><\/p>\n<p><strong>\u2022 Industrie Pharmaceutique,<\/strong><\/p>\n<p><strong>\u2022 Industrie du P\u00e9trole et du Gaz,<\/strong><\/p>\n<p><strong>\u2022 Industrie Chimique,<\/strong><\/p>\n<p><strong>\u2022 Industrie Lourde et Levage,<\/strong><\/p>\n<p><strong>\u2022 Installations des Mines et M\u00e9taux,<\/strong><\/p>\n<p><strong>\u2022 Complexes d\u2019Installations Industrielles,<\/strong><\/p>\n<p><strong>\u2022 Installations d\u2019\u00c9nergies Nouvelles et Renouvelables,<\/strong><\/p>\n<p><strong>\u2022 Grands Ouvrages de Production et de Stockage d\u2019\u00c9nergie&#8230;<\/strong>[\/vc_column_text][\/vc_column][vc_column width=\u00a0\u00bb1\/2&Prime;][vc_images_carousel images=\u00a0\u00bb1791,2222,1456,1787,2224&Prime; img_size=\u00a0\u00bbfull\u00a0\u00bb autoplay=\u00a0\u00bbyes\u00a0\u00bb hide_pagination_control=\u00a0\u00bbyes\u00a0\u00bb hide_prev_next_buttons=\u00a0\u00bbyes\u00a0\u00bb wrap=\u00a0\u00bbyes\u00a0\u00bb css_animation=\u00a0\u00bbfadeIn\u00a0\u00bb][vc_empty_space height=\u00a0\u00bb10px\u00a0\u00bb][vc_column_text 0=\u00a0\u00bb\u00a0\u00bb]<\/p>\n<h4 class=\"subtitle\"><span lang=\"fr\" tabindex=\"0\">Nous sommes une \u00e9quipe exp\u00e9riment\u00e9e et d\u00e9vou\u00e9e de professionnels de l&rsquo;ing\u00e9nierie travaillant en \u00e9troite collaboration avec nos clients, partenaires, architectes, ing\u00e9nieurs et autres professionnels et d\u00e9sireux de fournir des services d&rsquo;ing\u00e9nierie et de conseil les plus personnalis\u00e9s qui aident nos clients \u00e0 optimiser et \u00e0 r\u00e9aliser leurs projets dans les d\u00e9lais, avec la qualit\u00e9 requise, dans leur budget et nous sommes disponibles dans le monde entier&#8230;<\/span><\/h4>\n<p>[\/vc_column_text][\/vc_column][\/vc_row][vc_row 0=\u00a0\u00bb\u00a0\u00bb][vc_column 0=\u00a0\u00bb\u00a0\u00bb][vc_empty_space height=\u00a0\u00bb20px\u00a0\u00bb]<blockquote>\n<h4 class=\"subtitle\" style=\"text-align: center;\">PETAW : FOURNISSEUR DE SERVICES D\u2019ING\u00c9NIERIE, D&rsquo;ASSISTANCE TECHNIQUE &amp; DE MANAGEMENT DE PROJETS<\/h4>\n<\/blockquote>[vc_empty_space height=\u00a0\u00bb40px\u00a0\u00bb][\/vc_column][\/vc_row][vc_row 0=\u00a0\u00bb\u00a0\u00bb][vc_column width=\u00a0\u00bb1\/2&Prime;]<div class=\"services-other\"><div class=\"img-box\"><span class=\"fa fas fa-laptop\" style=\"font-size:48px;line-height: 1.6;\"><\/span><\/div><div class=\"services-info\">\r\n                        <h4 class=\"services-title-one subtitle\">ETUDES DE CONCEPTION<\/h4>\r\n                        <p>B\u00e9ton Arm\u00e9 &amp; Pr\u00e9contraint, Structures M\u00e9talliques &amp; Bois, Structures Mixtes &amp; Lots Techniques Associ\u00e9s<\/p>\n\r\n                    <\/div><\/div>[\/vc_column][vc_column width=\u00a0\u00bb1\/2&Prime;]<div class=\"services-other\"><div class=\"img-box\"><span class=\"fa fas fa-desktop\" style=\"font-size:48px;line-height: 1.6;\"><\/span><\/div><div class=\"services-info\">\r\n                        <h4 class=\"services-title-one subtitle\">ETUDES D&#039;EXECUTION<\/h4>\r\n                        <p>B\u00e9ton Arm\u00e9 &amp; Pr\u00e9contraint, Structures M\u00e9talliques &amp; Bois, Structures Mixtes &amp; Lots Techniques Associ\u00e9s<\/p>\n\r\n                    <\/div><\/div>[\/vc_column][\/vc_row][vc_row 0=\u00a0\u00bb\u00a0\u00bb][vc_column 0=\u00a0\u00bb\u00a0\u00bb][vc_empty_space height=\u00a0\u00bb40px\u00a0\u00bb][\/vc_column][\/vc_row][vc_row 0=\u00a0\u00bb\u00a0\u00bb][vc_column width=\u00a0\u00bb1\/2&Prime;]<div class=\"services-other\"><div class=\"img-box\"><span class=\"fa fas fa-cog\" style=\"font-size:48px;line-height: 1.6;\"><\/span><\/div><div class=\"services-info\">\r\n                        <h4 class=\"services-title-one subtitle\">ASSISTANCE TECHNIQUE CONCEPTION<\/h4>\r\n                        <p>BTP, P\u00e9trole &amp; Gaz, \u00c9nergies, Industrie, Eau &amp; Environnement<\/p>\n\r\n                    <\/div><\/div>[\/vc_column][vc_column width=\u00a0\u00bb1\/2&Prime;]<div class=\"services-other\"><div class=\"img-box\"><span class=\"fa fas fa-cogs\" style=\"font-size:48px;line-height: 1.6;\"><\/span><\/div><div class=\"services-info\">\r\n                        <h4 class=\"services-title-one subtitle\">ASSISTANCE TECHNIQUE CONSTRUCTION<\/h4>\r\n                        <p>BTP, P\u00e9trole &amp; Gaz, \u00c9nergies, Industrie, Eau &amp; Environnement<\/p>\n\r\n                    <\/div><\/div>[\/vc_column][\/vc_row][vc_row 0=\u00a0\u00bb\u00a0\u00bb][vc_column 0=\u00a0\u00bb\u00a0\u00bb][vc_empty_space height=\u00a0\u00bb40px\u00a0\u00bb][\/vc_column][\/vc_row][vc_row 0=\u00a0\u00bb\u00a0\u00bb][vc_column width=\u00a0\u00bb1\/2&Prime;]<div class=\"services-other\"><div class=\"img-box\"><span class=\"fa fab fa-houzz\" style=\"font-size:48px;line-height: 1.6;\"><\/span><\/div><div class=\"services-info\">\r\n                        <h4 class=\"services-title-one subtitle\">GESTION DE L&#039;INT\u00c9GRIT\u00c9 DES ACTIFS<\/h4>\r\n                        <p>BTP, P\u00e9trole &amp; Gaz, \u00c9nergies, Industrie, Eau &amp; Environnement<\/p>\n\r\n                    <\/div><\/div>[\/vc_column][vc_column width=\u00a0\u00bb1\/2&Prime;]<div class=\"services-other\"><div class=\"img-box\"><span class=\"fa fas fa-recycle\" style=\"font-size:48px;line-height: 1.6;\"><\/span><\/div><div class=\"services-info\">\r\n                        <h4 class=\"services-title-one subtitle\">GESTION DE LA PERFORMANCE DES ACTIFS<\/h4>\r\n                        <p>BTP, P\u00e9trole &amp; Gaz, \u00c9nergies, Industrie, Eau &amp; Environnement<\/p>\n\r\n                    <\/div><\/div>[\/vc_column][\/vc_row][vc_row 0=\u00a0\u00bb\u00a0\u00bb][vc_column 0=\u00a0\u00bb\u00a0\u00bb][vc_empty_space height=\u00a0\u00bb40px\u00a0\u00bb][\/vc_column][\/vc_row][vc_row 0=\u00a0\u00bb\u00a0\u00bb][vc_column width=\u00a0\u00bb1\/2&Prime;][vc_column_text 0=\u00a0\u00bb\u00a0\u00bb]<\/p>\n<h2 class=\"title-2\" style=\"font-family: Roboto; font-size: 28px; line-height: 1; margin-bottom: 30px;\">POLITIQUE QUALITE<\/h2>\n<ul class=\"list-bordered\">\n<li>Nous avons mis en place un programme de gestion de projet qui int\u00e8gre les processus \u00e0 respecter ainsi que la v\u00e9rification de leur application.<\/li>\n<li>Pour chaque projet, nous sp\u00e9cifions les besoins afin de cr\u00e9er une matrice des exigences et une cartographie du processus.<\/li>\n<li>Nous garantissons la performance des projets en anticipant d\u00e8s le d\u00e9part sur la qualit\u00e9 de leur ex\u00e9cution.<\/li>\n<li>Nous garantissons un double niveau de contr\u00f4le formalis\u00e9 par un auto-contr\u00f4le par le concepteur et un contr\u00f4le par le chef de projet ou par une personne d\u00e9di\u00e9e.<\/li>\n<li>Nous organisons r\u00e9guli\u00e8rement des r\u00e9unions clients pour suivre l&rsquo;avancement de leurs projets.<\/li>\n<li>Un responsable d\u00e9di\u00e9 surveille r\u00e9guli\u00e8rement les indicateurs de performance qualit\u00e9 de chaque projet et du groupe.<\/li>\n<li>Des r\u00e9unions et des comit\u00e9s de pilotage d\u00e9di\u00e9s au suivi qualit\u00e9 sont compl\u00e9t\u00e9s par une communication et un dialogue p\u00e9dagogique sur ce th\u00e8me.<\/li>\n<li>Des audits internes sont organis\u00e9s pour v\u00e9rifier que les proc\u00e9dures sont pleinement respect\u00e9es et que leur application est effective \u00e0 toutes les \u00e9tapes du projet.<\/li>\n<li>Une enqu\u00eate de satisfaction p\u00e9riodique est men\u00e9e aupr\u00e8s de chaque client dans un souci d&rsquo;am\u00e9lioration continue.<\/li>\n<li>Nous utilisons en permanence la m\u00e9thode it\u00e9rative de management en quatre \u00e9tapes<span class=\"ILfuVd\"><span class=\"e24Kjd\"> <b>PDCA<\/b> (<b>planifier<\/b>\u2013<b>d\u00e9velopper<\/b>\u2013<b>contr\u00f4ler<\/b>\u2013<b>ajuster<\/b>) dans notre m\u00e9tier pour le contr\u00f4le et l&rsquo;am\u00e9lioration continue de nos processus d&rsquo;ing\u00e9nierie.<\/span><\/span><\/li>\n<li><span class=\"Y2IQFc\" lang=\"fr\">Nous utilisons des <strong>MTE<\/strong> (Matrices de Tra\u00e7abilit\u00e9 des Exigences) pour garantir le succ\u00e8s global et la qualit\u00e9 de nos projets en termes d&rsquo;objectif, de d\u00e9lai et de co\u00fbt.<\/span><\/li>\n<\/ul>\n<p>[\/vc_column_text][\/vc_column][vc_column width=\u00a0\u00bb1\/2&Prime;][vc_column_text 0=\u00a0\u00bb\u00a0\u00bb]<\/p>\n<h2 class=\"title-2\" style=\"font-family: Roboto; font-size: 28px; line-height: 1; margin-bottom: 30px;\">PETAW EN BREF<\/h2>\n<ul class=\"list-bordered\">\n<li>L&rsquo;ing\u00e9nierie, le conseil et l&rsquo;assistance technique sont le c\u0153ur de notre m\u00e9tier.<\/li>\n<li>Nous travaillons sur diff\u00e9rents types de projets locaux et dans le monde.<\/li>\n<li>Nous fournissons une suite compl\u00e8te de services d&rsquo;ing\u00e9nierie, de conseils, d&rsquo;assistance technique et de management de projets.<\/li>\n<li>Nos consultants sont passionn\u00e9s et exp\u00e9riment\u00e9s dans leurs domaines.<\/li>\n<li>Nos consultants sont pluridisciplinaires et mobiles localement et dans le monde.<\/li>\n<li>Nous intervenons en management de projet de la conception \u00e0 la r\u00e9alisation.<\/li>\n<li>Nous intervenons en assistance technique au ma\u00eetre d&rsquo;ouvrage.<\/li>\n<li>Nous intervenons en assistance technique \u00e0 la r\u00e9alisation aupr\u00e8s des \u00e9quipes travaux.<\/li>\n<li>Nous intervenons dans les diff\u00e9rentes phases de l&rsquo;ing\u00e9nierie, de l&rsquo;approvisionnement et de la construction.<\/li>\n<li>Nous intervenons sur diff\u00e9rents types de projets, du plus petit au plus grand, du plus simple au plus complexe.<\/li>\n<li>Nous intervenons dans les diff\u00e9rents domaines du B\u00e2timent, des Travaux Publics, de l&rsquo;Industrie, des \u00c9nergies et de l&rsquo;Environnement.<\/li>\n<li><span class=\"HwtZe\" lang=\"fr\"><span class=\"jCAhz ChMk0b\"><span class=\"ryNqvb\">Nous sommes ax\u00e9s sur les r\u00e9sultats et la confiance et nous nous engageons r\u00e9solument vers l&rsquo;excellence.<\/span><\/span><\/span><\/li>\n<li>Nous sommes fiers de ce que nous accomplissons tous les jours pour relever nos d\u00e9fis.<\/li>\n<\/ul>\n<p>[\/vc_column_text][\/vc_column][\/vc_row]<\/p>","protected":false},"excerpt":{"rendered":"<p>[vc_row 0=\u00a0\u00bb\u00a0\u00bb][vc_column width=\u00a0\u00bb1\/2&Prime;][vc_images_carousel images=\u00a0\u00bb2211,2218,2223,2225,2217&Prime; img_size=\u00a0\u00bbfull\u00a0\u00bb autoplay=\u00a0\u00bbyes\u00a0\u00bb hide_pagination_control=\u00a0\u00bbyes\u00a0\u00bb hide_prev_next_buttons=\u00a0\u00bbyes\u00a0\u00bb wrap=\u00a0\u00bbyes\u00a0\u00bb css_animation=\u00a0\u00bbfadeIn\u00a0\u00bb][\/vc_column][vc_column width=\u00a0\u00bb1\/2&Prime;][vc_column_text 0=\u00a0\u00bb\u00a0\u00bb] MARCHES PETAW (Project [&hellip;]<\/p>\n","protected":false},"author":1,"featured_media":0,"parent":0,"menu_order":0,"comment_status":"closed","ping_status":"closed","template":"","meta":{"footnotes":""},"class_list":["post-919","page","type-page","status-publish","hentry"],"_links":{"self":[{"href":"https:\/\/www.petaw.fr\/fr\/wp-json\/wp\/v2\/pages\/919","targetHints":{"allow":["GET"]}}],"collection":[{"href":"https:\/\/www.petaw.fr\/fr\/wp-json\/wp\/v2\/pages"}],"about":[{"href":"https:\/\/www.petaw.fr\/fr\/wp-json\/wp\/v2\/types\/page"}],"author":[{"embeddable":true,"href":"https:\/\/www.petaw.fr\/fr\/wp-json\/wp\/v2\/users\/1"}],"replies":[{"embeddable":true,"href":"https:\/\/www.petaw.fr\/fr\/wp-json\/wp\/v2\/comments?post=919"}],"version-history":[{"count":217,"href":"https:\/\/www.petaw.fr\/fr\/wp-json\/wp\/v2\/pages\/919\/revisions"}],"predecessor-version":[{"id":3140,"href":"https:\/\/www.petaw.fr\/fr\/wp-json\/wp\/v2\/pages\/919\/revisions\/3140"}],"wp:attachment":[{"href":"https:\/\/www.petaw.fr\/fr\/wp-json\/wp\/v2\/media?parent=919"}],"curies":[{"name":"wp","href":"https:\/\/api.w.org\/{rel}","templated":true}]}}