{"id":932,"date":"2016-06-07T15:41:23","date_gmt":"2016-06-07T10:11:23","guid":{"rendered":"http:\/\/localhost\/stemframework\/?page_id=932"},"modified":"2025-08-04T15:31:45","modified_gmt":"2025-08-04T13:31:45","slug":"our-team","status":"publish","type":"page","link":"https:\/\/www.petaw.fr\/fr\/our-team\/","title":{"rendered":"PETAW OVERSEAS AFRICA"},"content":{"rendered":"<p>[vc_row][vc_column]<span class=\"label label-default\" style=&quot;no&quot;>PETAW OVERSEAS AFRICA<\/span>[vc_column_text]<\/p>\n<h4 class=\"subtitle\">PETAW OSA est la filiale africaine de PETAW Professionals. Implant\u00e9e au S\u00e9n\u00e9gal et en C\u00f4te d&rsquo;Ivoire, elle a pour ambition de couvrir toute l\u2019Afrique de l\u2019Ouest voir au del\u00e0&#8230;<\/h4>\n<p>Nous avons nos bureaux \u00e0 Dakar et Abidjan, avec une \u00e9quipe d\u00e9di\u00e9e d\u2019ing\u00e9nieurs, de projeteurs-dessinateurs et d\u2019administratifs qui collaborent avec nos ressources de la maison m\u00e8re. De cette fa\u00e7on, nous mutualisons nos comp\u00e9tences et moyens pour disposer d\u2019une force de r\u00e9action rapide et adapt\u00e9e \u00e0 tous les besoins d\u2019ing\u00e9nierie et de management de projets de nos clients locaux et internationaux.<\/p>\n<p>Nous y effectuons toutes prestations d&rsquo;ing\u00e9nierie, d\u2019\u00e9tudes, d\u2019expertise et de conseil, d\u2019assistance technique, de conception et de calculs, de fabrication, de r\u00e9alisation, de repr\u00e9sentation et de mise \u00e0 disposition de personnel dans les secteurs d\u2019activit\u00e9s des infrastructures et superstructures du G\u00e9nie Civil, du B\u00e2timent et des Travaux Publics, des \u00c9nergies et Installations G\u00e9n\u00e9rales Industrielles, de la Chimie et de la P\u00e9trochimie, du P\u00e9trole et du Gaz, des Mines et M\u00e9taux, du Transport, de l&rsquo;eau et de l\u2019Environnement\u2026[\/vc_column_text][vc_column_text]<\/p>\n<h2 class=\"title-2\" style=\"text-align: center;\">NOS LEADERS<\/h2>\n<h4 class=\"subtitle\" style=\"text-align: center;\">Nous sommes une \u00e9quipe exp\u00e9riment\u00e9e et d\u00e9vou\u00e9e de professionnels de l&rsquo;ing\u00e9nierie travaillant de pr\u00e8s et en parfaite collaboration avec nos clients &amp; partenaires.<\/h4>\n<p>[\/vc_column_text][\/vc_column][\/vc_row][vc_row][vc_column width=\u00a0\u00bb1\/2&Prime;]<div class=\"text-center\"><div class=\"img-hover-effect text-center\"><img decoding=\"async\" src=\"https:\/\/www.petaw.fr\/wp-content\/uploads\/2023\/03\/VDI_ID.jpg\" alt=\"Valdiodio G. DIOUF\" \/><div class=\"social-links\"><a href=\"https:\/\/www.facebook.com\/petawosa\"><i class=\"fa fa-facebook\"><\/i><\/a><a href=\"https:\/\/twitter.com\/petawpro\"><i class=\"fa fa-twitter\"><\/i><\/a><a href=\"https:\/\/www.linkedin.com\/in\/vgdgv\/\"><i class=\"fa fa-linkedin\"><\/i><\/a><\/div><\/div><h4 class=\"subtitle\" style=\"margin-bottom:5px;\">Valdiodio G. DIOUF<\/h4><p>Ing\u00e9nieur en Chef Civil, Structures &amp; Architecture - G\u00e9rant<\/p><\/div>[\/vc_column][vc_column width=\u00a0\u00bb1\/2&Prime;][vc_column_text]<strong>R\u00e9trospective Carri\u00e8re<br \/>\n<\/strong><\/p>\n<ul>\n<li>Depuis 2020 : g\u00e9rance et d\u00e9veloppement de l&rsquo;offre de services en g\u00e9nie civil, structures, architecture et ing\u00e9nierie globale de la filiale PETAW-OSA bas\u00e9e au S\u00e9n\u00e9gal et en C\u00f4te d&rsquo;Ivoire.<\/li>\n<li>De 2010 \u00e0 nos jours : consultant principal de PETAW-Professionals, ing\u00e9nieur sp\u00e9cialiste en g\u00e9nie civil et structures en France et \u00e0 l&rsquo;export, successivement chez [BOCCARD, SAIPEM, TECHNIP, ENGIE E&amp;P, SOFRESID, ARKEMA, VCGP, EGIS, WOOD PLC etc.].<\/li>\n<li>Depuis 2010 : g\u00e9rance et d\u00e9veloppement de l&rsquo;offre de services en g\u00e9nie civil et structures de la soci\u00e9t\u00e9 d&rsquo;ing\u00e9nierie, de conseil et d&rsquo;assistance technique PETAW-Professionals bas\u00e9e en France.<\/li>\n<li>De 2005 \u00e0 2010 : ing\u00e9nieur sp\u00e9cialiste en g\u00e9nie civil et structures en France, successivement chez [ARES-ING, STRUCTUBAT, BOUISSE-CMBC, INGENICA].<\/li>\n<\/ul>\n<p>&nbsp;<\/p>\n<p><strong>Formation &amp; Sp\u00e9cialisation<br \/>\n<\/strong><\/p>\n<ul>\n<li>MEng. en G\u00e9nie Civil Europ\u00e9en, Structures &amp; Ouvrages d&rsquo;Art &#8211; ENPC &#8211; 2006<\/li>\n<li>MEng. en B\u00e2timents &amp; Travaux Publics &#8211; ISBA TP &#8211; 2004<\/li>\n<li>MEng. en Management de la Qualit\u00e9 dans la Construction &#8211; UA &#8211; 2003<\/li>\n<li>MEng. en G\u00e9nie Civil G\u00e9n\u00e9raliste &#8211; EPT &#8211; 2002<\/li>\n<li>MSc. en Math\u00e9matiques Appliqu\u00e9es &#8211; UCAD &#8211; 2001<\/li>\n<li>BSc. en Math\u00e9matiques &amp; Physique &#8211; UCAD &#8211; 1999<\/li>\n<\/ul>\n<p>[\/vc_column_text][\/vc_column][\/vc_row][vc_row][vc_column]<blockquote>\n<h4 class=\"subtitle\" style=\"text-align: center;\">POA : FOURNISSEUR DE SERVICES D\u2019ING\u00c9NIERIE, D&rsquo;ASSISTANCE TECHNIQUE &amp; DE MANAGEMENT DE PROJETS<\/h4>\n<\/blockquote>[vc_empty_space height=\u00a0\u00bb20px\u00a0\u00bb][vc_column_text]<\/p>\n<h2 class=\"title-2\" style=\"text-align: center;\">SERVICES CL\u00c9S<\/h2>\n<p>[\/vc_column_text][\/vc_column][\/vc_row][vc_row full_width=\u00a0\u00bbstretch_row_content\u00a0\u00bb gap=\u00a0\u00bb3&Prime;][vc_column width=\u00a0\u00bb1\/3&Prime;][vc_hoverbox image=\u00a0\u00bb2857&Prime; primary_title=\u00a0\u00bbG\u00e9nie Civil, Structures &amp; Achitecture\u00a0\u00bb hover_title=\u00a0\u00bbCivil, Structures &amp; Architecture\u00a0\u00bb]Architecture &#8211; \u00c9tudes Conception &amp; Ex\u00e9cution <span aria-hidden=\"true\">\u2013<\/span> Structures B\u00e9ton Arm\u00e9 &amp; Pr\u00e9contraint, Bois, M\u00e9talliques &amp; Mixtes <span aria-hidden=\"true\">\u2013<\/span> Pr\u00e9fabrication &#8211; Fa\u00e7onnage &#8211; Pre-assemblage &#8211; Notes Mod\u00e9lisation &amp; Calculs <span aria-hidden=\"true\">\u2013<\/span> Maquettes BIM 5D, 4D &amp; 3D <span aria-hidden=\"true\">\u2013<\/span> Plans 2D &amp; Assistance Technique Conception &amp; Ex\u00e9cution <span aria-hidden=\"true\">\u2013<\/span> M\u00e9thodes &#8211; OPC &amp; Management Projet.<\/p>\n<p>[\/vc_hoverbox][\/vc_column][vc_column width=\u00a0\u00bb1\/3&Prime;][vc_hoverbox image=\u00a0\u00bb2475&Prime; primary_title=\u00a0\u00bbM\u00e9canique &amp; Chaudronnerie\u00a0\u00bb hover_title=\u00a0\u00bbM\u00e9canique &amp; Chaudronnerie\u00a0\u00bb]\u00c9tudes de Conception &amp; Dimensionnement <span aria-hidden=\"true\">\u2013<\/span> CAO &amp; DAO 3D &amp; 2D <span aria-hidden=\"true\">\u2013<\/span> Notes de Mod\u00e9lisation &amp; de Calculs <span aria-hidden=\"true\">\u2013<\/span> Plans d&rsquo;Ensemble, de Fabrication &amp; de D\u00e9tails <span aria-hidden=\"true\">\u2013<\/span> Maquettage &amp; Prototypage <span aria-hidden=\"true\">\u2013<\/span> Usinage <span aria-hidden=\"true\">\u2013<\/span> Soudage <span aria-hidden=\"true\">\u2013<\/span> Assemblage <span aria-hidden=\"true\">\u2013<\/span> Montage <span aria-hidden=\"true\">\u2013 <\/span>Assistance Technique Fabrication <span aria-hidden=\"true\">\u2013<\/span> Plans d&rsquo;Entretien &amp; de Maintenance &#8211; Assistance Achats &amp; Approvisionnement.<\/p>\n<p>[\/vc_hoverbox][\/vc_column][vc_column width=\u00a0\u00bb1\/3&Prime;][vc_hoverbox image=\u00a0\u00bb2480&Prime; primary_title=\u00a0\u00bbTuyauterie Industrielle\u00a0\u00bb hover_title=\u00a0\u00bbTuyauterie Industrielle\u00a0\u00bb]\u00c9tudes de Conception &amp; d&rsquo;Ex\u00e9cution <span aria-hidden=\"true\">\u2013<\/span> <span aria-hidden=\"true\">CAO<\/span> &amp; DAO <span aria-hidden=\"true\">\u2013<\/span> Calculs de Flexibilit\u00e9 &amp; de Stress\u00a0<span aria-hidden=\"true\"> \u2013 Plans P&amp;ID, ISO &amp; 2D \u2013 Conceptions &amp; Calculs Supports &amp; Skids \u2013 M\u00e9tr\u00e9s Pi\u00e8ces &amp; Mat\u00e9riaux \u2013 Plans de Fabrication &amp; de Montage \u2013 Relev\u00e9s 3D par Scanner \u2013 \u00c9preuves Hydrauliques \u2013 Suivi de Chantier &amp; Contr\u00f4les Non Destructifs &#8211; Assistance Achats.<\/span><\/p>\n<p>[\/vc_hoverbox][\/vc_column][\/vc_row][vc_row full_width=\u00a0\u00bbstretch_row_content\u00a0\u00bb gap=\u00a0\u00bb3&Prime;][vc_column width=\u00a0\u00bb1\/3&Prime;][vc_hoverbox image=\u00a0\u00bb2500&Prime; primary_title=\u00a0\u00bbElectricit\u00e9 T&amp;D, CFO &amp; CFA\u00a0\u00bb hover_title=\u00a0\u00bbElectricit\u00e9 T&amp;D, CFO &amp; CFA\u00a0\u00bb]R\u00e9seaux Transport THT\/HTA\/HTB &#8211; R\u00e9seaux Distribution BT &#8211; \u00c9lectricit\u00e9 CFO &amp; CFA &#8211; Cr\u00e9ation &amp; Renforcement Lignes &amp; Liaisons &#8211; Lignes A\u00e9riennes &amp; Souterraines &#8211; Topographie &amp; Cartographie &#8211; SIG &#8211; Photogramm\u00e9trie &amp; Lidar &#8211; \u00c9tudes Conception &amp; Ex\u00e9cution &#8211; Synoptiques, Specs &amp; Sch\u00e9mas Elec &#8211; Bilans de Puissance &#8211; Colonnes Montantes &#8211; Maquettes 3D &amp; Plans 2D &#8211; Assistance Achats.<\/p>\n<p>[\/vc_hoverbox][\/vc_column][vc_column width=\u00a0\u00bb1\/3&Prime;][vc_hoverbox image=\u00a0\u00bb2501&Prime; primary_title=\u00a0\u00bbProc\u00e9d\u00e9s Industriels\u00a0\u00bb hover_title=\u00a0\u00bbProc\u00e9d\u00e9s Industriels\u00a0\u00bb]\u00c9tudes &amp; Conseils Proc\u00e9d\u00e9s pour Industriels &#8211; Proc\u00e9d\u00e9s de Mise en \u0152uvre Solides, Liquides et Gaz &#8211; \u00c9co-conception &#8211; Ing\u00e9nierie &amp; Industrialisation &#8211; Augmentation de Capacit\u00e9 &#8211; Optimisation, S\u00e9curit\u00e9 &amp; Mise en Conformit\u00e9 cGMP\/FDA &#8211; Traitements &amp; Valorisation des Effluents &amp; D\u00e9chets &#8211; Diagnostics, Troubleshooting, Simulations &amp; Tests Run &#8211; Assistance aux Achats &amp; au D\u00e9marrage.<\/p>\n<p>[\/vc_hoverbox][\/vc_column][vc_column width=\u00a0\u00bb1\/3&Prime;][vc_hoverbox image=\u00a0\u00bb2525&Prime; primary_title=\u00a0\u00bbInstrumentation &amp; Automatismes\u00a0\u00bb hover_title=\u00a0\u00bbInstrum &amp; Automatismes\u00a0\u00bb]Instrumentation, Automatisation, M\u00e9trologie &amp; Mesure &#8211; Pilotage \u00c9quipements CVC, MEP, de S\u00e9curit\u00e9 &amp; Suret\u00e9, Dispositifs \/ Incendie &#8211; BMS (GTB &amp; GTC) &#8211; GMAO &#8211; Domotique &#8211; Optimisation \u00c9nerg\u00e9tique, \u00c9lectrique, M\u00e9canique, Hydraulique etc. &#8211; S\u00e9curit\u00e9 &amp; Confort &#8211; \u00c9tudes &amp; Sp\u00e9cifications &#8211; Sch\u00e9mas Boucles &amp; Raccordements &#8211; Diagrammes &#8211; Assistance Achats &amp; Approvisionnement.<\/p>\n<p>[\/vc_hoverbox][\/vc_column][\/vc_row][vc_row full_width=\u00a0\u00bbstretch_row_content\u00a0\u00bb gap=\u00a0\u00bb3&Prime;][vc_column width=\u00a0\u00bb1\/3&Prime;][vc_hoverbox image=\u00a0\u00bb2521&Prime; primary_title=\u00a0\u00bbPlomberie &amp; S\u00e9curit\u00e9 Incendie\u00a0\u00bb hover_title=\u00a0\u00bbPlomberie &amp; S\u00e9curit\u00e9 Incendie\u00a0\u00bb]<\/p>\n<p style=\"text-align: center;\">Plomberie &amp; \u00c9quipements Sanitaires (Eau Froide\/Chaude) &#8211; Zinguerie &#8211; \u00c9vacuation Eaux Us\u00e9es &#8211; S\u00e9curit\u00e9 Incendie (ERP, ERT, IGH &amp; IMH, HAB, ICPE) &#8211; RIA &#8211; Extincteurs &#8211; D\u00e9senfumage &#8211; Sprinklers &#8211; BAES &amp; BAEH &#8211; Alarmes &#8211; Colonnes S\u00e8ches &#8211; Hydrants &#8211; Plans d\u2019\u00c9vacuation &#8211; \u00c9tudes Conception &amp; Ex\u00e9cution &#8211; Plans Entretien &amp; Maintenance &#8211; Assistance Achats &amp; Appro.<\/p>\n<p>[\/vc_hoverbox][\/vc_column][vc_column width=\u00a0\u00bb1\/3&Prime;][vc_hoverbox image=\u00a0\u00bb2517&Prime; primary_title=\u00a0\u00bbChauffage, Ventilation &amp; Climatisation\u00a0\u00bb hover_title=\u00a0\u00bbCVC\u00a0\u00bb]R\u00e9seaux Chauffage, Ventilation &amp; Climatisation &#8211; \u00c9quilibrage R\u00e9seaux Hydrauliques &amp; A\u00e9rauliques &#8211; \u00c9tudes de Conception &amp; d&rsquo;Ex\u00e9cution &#8211; \u00c9tudes Thermiques RT 2012\/2020 &amp; Fluides Sp\u00e9ciaux &#8211;\u00a0 CAO &amp; DAO &#8211; Maquettes BIM &amp; Plans 2D &#8211; Audits \u00c9nerg\u00e9tiques &#8211; Certifications Labels (HQE, HPE, BBC, LEED, BREEAM etc.) &#8211; Chiffrages &amp; M\u00e9tr\u00e9s &#8211; Assistance Achats &amp; Approvisionnement.<\/p>\n<p>[\/vc_hoverbox][\/vc_column][vc_column width=\u00a0\u00bb1\/3&Prime;][vc_hoverbox image=\u00a0\u00bb2533&Prime; primary_title=\u00a0\u00bbAscenceurs &amp; Monte-Charges\u00a0\u00bb hover_title=\u00a0\u00bbAscenceurs &amp; Monte-Charges\u00a0\u00bb]Ascenseurs, Monte Charges, Escaliers M\u00e9caniques, \u00c9l\u00e9vateurs, Trottoirs Roulants, Portes Automatiques &amp; Sectionnelles &#8211; \u00c9tudes de Conception &amp; d&rsquo;Ex\u00e9cution &#8211; Mise en Service &#8211; Analyse Pannes &amp; Dysfonctionnements &#8211; Mise en Conformit\u00e9, Modernisation, Remplacement Complet &#8211; Plans d&rsquo;Entretien &amp; de Maintenance &#8211; \u00c9quipements de Levage &amp; de Manutention &#8211; Assistance Achats.<\/p>\n<p>[\/vc_hoverbox][\/vc_column][\/vc_row][vc_row full_width=\u00a0\u00bbstretch_row_content\u00a0\u00bb gap=\u00a0\u00bb3&Prime;][vc_column width=\u00a0\u00bb1\/3&Prime;][vc_hoverbox image=\u00a0\u00bb2513&Prime; primary_title=\u00a0\u00bbGE, Pompes &amp; Surpresseurs\u00a0\u00bb hover_title=\u00a0\u00bbGE, Pompes &amp; Surpresseurs\u00a0\u00bb]Groupes \u00c9lectrog\u00e8nes &#8211; Pompes &amp; Surpresseurs &#8211; Compresseurs &#8211; Chaudi\u00e8res &#8211; Turbines &#8211; \u00c9quipements Rotatifs, Agitateurs, Extrudeuses etc. &#8211; \u00c9tudes de Conception &amp; d&rsquo;Ex\u00e9cution &#8211; Plans Installation, D\u00e9marrage, Entretien &amp; Maintenance &#8211; Tests de Performances &amp; Antivibratoires &#8211; Assistance Achats &amp; Approvisionnement.<\/p>\n<p>[\/vc_hoverbox][\/vc_column][vc_column width=\u00a0\u00bb1\/3&Prime;][vc_hoverbox image=\u00a0\u00bb2519&Prime; primary_title=\u00a0\u00bbFacades, Serrurerie, M\u00e9tallerie\u00a0\u00bb hover_title=\u00a0\u00bbFacades, Serrurerie, M\u00e9tallerie\u00a0\u00bb]Enveloppes Vitr\u00e9es &amp; Opaques &#8211; Canop\u00e9es &#8211; Couvertures &#8211; Fa\u00e7ades M\u00e9talliques &amp; Mixtes &#8211; M\u00e9tallo-Textiles &#8211; Serrurerie &#8211; M\u00e9tallerie &#8211; Huisserie &#8211; Menuiserie &#8211; Conception, \u00c9tudes, Plans &amp; Maquettes BIM &#8211; Fabrication &amp; R\u00e9alisation &#8211; \u00c9tudes \u00c9clairement, Acoustique,Thermique &amp; A\u00e9raulique &#8211; Assistance Achats &amp; Approvisionnement.<\/p>\n<p>[\/vc_hoverbox][\/vc_column][vc_column width=\u00a0\u00bb1\/3&Prime;][vc_hoverbox image=\u00a0\u00bb2529&Prime; primary_title=\u00a0\u00bbEnergies Renouvelables\u00a0\u00bb hover_title=\u00a0\u00bbEnergies Renouvelables\u00a0\u00bb]Solaire Thermique &amp; Photovolta\u00efque &#8211; \u00c9nergie \u00c9olienne &#8211; Biomasse &#8211; Gaz Naturel &#8211; G\u00e9othermie &#8211; \u00c9nergie Hydro\u00e9lectrique &amp; Marine &#8211; Hydrolienne &#8211; Hydrog\u00e8ne Vert &#8211; Mix \u00c9nerg\u00e9tique &amp; \u00c9lectrique &#8211; Conception, \u00c9tudes &amp; Dimensionnement &#8211; Plans d&rsquo;Installation, d&rsquo;Entretien &amp; de Maintenance &#8211; Assistance Achats &amp; Approvisionnement.<\/p>\n<p>[\/vc_hoverbox][\/vc_column][\/vc_row][vc_row full_width=\u00a0\u00bbstretch_row_content\u00a0\u00bb gap=\u00a0\u00bb3&Prime; equal_height=\u00a0\u00bbyes\u00a0\u00bb][vc_column width=\u00a0\u00bb1\/3&Prime;][vc_hoverbox image=\u00a0\u00bb2716&Prime; primary_title=\u00a0\u00bbR\u00e9habilitation &amp; Restructuration\u00a0\u00bb hover_title=\u00a0\u00bbR\u00e9hab &amp; Restructuration\u00a0\u00bb]\u00c9tudes Pathologiques, Entretien &amp; R\u00e9paration des Ouvrages &#8211; R\u00e9habilitation, Restructuration, Extensions, Reports de Charges, Changement de Destination &#8211; \u00c9tudes &amp; Ex\u00e9cution Chevalements &amp; Reprises sous \u0152uvre &#8211; Optimisation, Confortation &amp; Requalification d&rsquo;Ouvrages &#8211; \u00c9tudes Conception, M\u00e9thodes &amp; Ex\u00e9cution &#8211; OPC &amp; Assistance Travaux.[\/vc_hoverbox][\/vc_column][vc_column width=\u00a0\u00bb1\/3&Prime;][vc_hoverbox image=\u00a0\u00bb2718&Prime; primary_title=\u00a0\u00bbAssistance Achats &amp; Approvisionnement\u00a0\u00bb hover_title=\u00a0\u00bbAssistance Achats &amp; Appro\u00a0\u00bb]<\/p>\n<p style=\"text-align: center;\">(Ciments, Fers \u00e0 B\u00e9ton, Sables &amp; Granulats, Profil\u00e9s Acier &amp; Bois) &#8211; (Pr\u00e9fabrication BA &amp; BP, Armatures Coup\u00e9es-Fa\u00e7onn\u00e9es-Assembl\u00e9es, Pre-Assemblage Acier &amp; Bois) &#8211; (Scellements, Traitements, Adjuvants, Rev\u00eatements etc.) &#8211; \u00c9quipements Lots MEP, IA, CVC, Process etc. &#8211; Engins &amp; \u00c9quipements Terrassement, Levage &amp; Manutention etc. &#8211; Logiciels du BTP.<\/p>\n<p>[\/vc_hoverbox][\/vc_column][vc_column width=\u00a0\u00bb1\/3&Prime;][vc_hoverbox image=\u00a0\u00bb2720&Prime; primary_title=\u00a0\u00bbStructures &amp; Ouvrages d&rsquo;Art\u00a0\u00bb hover_title=\u00a0\u00bbStructures &amp; Ouvrages d&rsquo;Art\u00a0\u00bb]Ponts Courants [BA, BP, M\u00e9talliques &amp; Mixtes] &#8211; Dalles [PSIBA, PSIDP, PSIDN, PSBQ] &#8211; Poutres [PRAD, VIPP, PPE] &#8211; Cadres &amp; Portiques [PICF, PIPO, POD] &#8211; Buses &amp; Tranch\u00e9es &#8211; Ponts Courants Non Types &#8211; Ponts Non Courants &#8211; Ponts \u00e0 Poutres Caissons en BP &#8211; \u00c9tudes Conception, M\u00e9thodes, Phasage &amp; Ex\u00e9cution, Travaux Provisoires &amp; Levage.<\/p>\n<p>[\/vc_hoverbox][\/vc_column][\/vc_row][vc_row full_width=\u00a0\u00bbstretch_row_content\u00a0\u00bb gap=\u00a0\u00bb3&Prime;][vc_column width=\u00a0\u00bb1\/3&Prime;][vc_hoverbox image=\u00a0\u00bb2561&Prime; primary_title=\u00a0\u00bbInfrastructures &amp; G\u00e9otechnique\u00a0\u00bb hover_title=\u00a0\u00bbInfrastructures &amp; G\u00e9otechnique\u00a0\u00bb]Fondations (Superficielles, Profondes, Sp\u00e9ciales) &#8211; Parois (Moul\u00e9es, Clou\u00e9es, Berlinoises, Pieux S\u00e9cants &amp; Distants) &#8211; Pieux &amp; Micropieux (BA, M\u00e9tal, Battus, For\u00e9s, Moul\u00e9s) &#8211; Puits &#8211; Palplanches &#8211; Tirants d&rsquo;Ancrage &#8211; Blindages &#8211; Remblais &#8211; Sout\u00e8nements &#8211; Tranch\u00e9es Couvertes &amp; Tunnels &#8211; Injections &#8211; Inclusions &#8211; \u00c9tudes de Conception &amp; d&rsquo;Ex\u00e9cution.[\/vc_hoverbox][\/vc_column][vc_column width=\u00a0\u00bb1\/3&Prime;][vc_hoverbox image=\u00a0\u00bb2574&Prime; primary_title=\u00a0\u00bbFormation &amp; Conseils\u00a0\u00bb hover_title=\u00a0\u00bbFormation &amp; Conseils\u00a0\u00bb]Autodesk Architecture, Engineering &amp; Construction (RSA, Revit, Autocad, Civil 3D, Navisworks etc.) &#8211; Bentley Infrastructure &amp; Engineering (STAAD Pro &amp; Offshore, SACS, MOSES, MaxSurf, TEKLA XSteel, MicroStation, OpenPlant, AutoPipe, Plaxis etc.) &#8211; TechnoSoft (AMETank, AMPreVa, AMPipeline) &#8211; ANSYS &#8211; CATIA &#8211; SolidWorks &#8211; CAESAR II &#8211; ETC.<\/p>\n<p>[\/vc_hoverbox][\/vc_column][vc_column width=\u00a0\u00bb1\/3&Prime;][vc_hoverbox image=\u00a0\u00bb2566&Prime; primary_title=\u00a0\u00bbVoiries &amp; R\u00e9seaux Divers\u00a0\u00bb hover_title=\u00a0\u00bbVoiries &amp; R\u00e9seaux Divers\u00a0\u00bb]R\u00e9seaux Eaux (Potable, Us\u00e9es, Pluviales) &#8211; Assainissement &#8211; Canaux &amp; Caniveaux &#8211; Bassins &#8211; R\u00e9seaux (\u00c9lectricit\u00e9, Gaz, T\u00e9l\u00e9coms) &#8211; Paysages &#8211; Am\u00e9nagements Urbains &#8211; Routes &amp; Autoroutes &#8211; \u00c9tudes Environnementales &#8211; \u00c9clairage Public &#8211; Plateformes (Rails, A\u00e9roports, Ports, Logistiques etc.) &#8211; Conception, Calculs, Plans &amp; Maquettes BIM.<\/p>\n<p>[\/vc_hoverbox][\/vc_column][\/vc_row][vc_row full_width=\u00a0\u00bbstretch_row_content\u00a0\u00bb gap=\u00a0\u00bb3&Prime;][vc_column][vc_empty_space height=\u00a0\u00bb16px\u00a0\u00bb][vc_column_text]<\/p>\n<h4 class=\"subtitle\"><span lang=\"fr\" tabindex=\"0\">Nous sommes une \u00e9quipe exp\u00e9riment\u00e9e et d\u00e9vou\u00e9e de professionnels de l&rsquo;ing\u00e9nierie, travaillant en \u00e9troite collaboration avec nos clients, partenaires, architectes, ing\u00e9nieurs et autres professionnels et d\u00e9sireux de fournir des services d&rsquo;ing\u00e9nierie et de conseil les plus personnalis\u00e9s qui aident nos clients \u00e0 optimiser et \u00e0 r\u00e9aliser leurs projets dans les d\u00e9lais, avec la qualit\u00e9 requise, dans leur budget et nous sommes disponibles localement&#8230;<\/span><\/h4>\n<p>[\/vc_column_text]<span class=\"label label-default\" style=&quot;no&quot;>VOUS AVEZ UNE IDEE, UN PROJET, UNE REQUETE ? CI-APRES NOTRE FORMULAIRE DE SOUMISSION EN LIGNE.<\/span>[\/vc_column][\/vc_row][vc_row full_width=\u00a0\u00bbstretch_row_content\u00a0\u00bb gap=\u00a0\u00bb3&Prime; css=\u00a0\u00bb.vc_custom_1701021220854{padding-right: 100px !important;padding-left: 100px !important;}\u00a0\u00bb][vc_column]<div role=\"form\" class=\"wpcf7\" id=\"wpcf7-f1534-o1\" lang=\"fr-FR\" dir=\"ltr\">\n<div class=\"screen-reader-response\" aria-live=\"polite\"><\/div>\n<form action=\"\/fr\/wp-json\/wp\/v2\/pages\/932#wpcf7-f1534-o1\" method=\"post\" class=\"wpcf7-form cf7skins cf7t-contact cf7s-magnum\" enctype=\"multipart\/form-data\" novalidate=\"novalidate\">\n<div style=\"display: none;\">\n<input type=\"hidden\" name=\"_wpcf7\" value=\"1534\" \/>\n<input type=\"hidden\" name=\"_wpcf7_version\" value=\"5.1.9\" \/>\n<input type=\"hidden\" name=\"_wpcf7_locale\" value=\"fr_FR\" \/>\n<input type=\"hidden\" name=\"_wpcf7_unit_tag\" value=\"wpcf7-f1534-o1\" \/>\n<input type=\"hidden\" name=\"_wpcf7_container_post\" value=\"0\" \/>\n<input type=\"hidden\" name=\"g-recaptcha-response\" value=\"\" \/>\n<\/div>\n<fieldset>\n<ol>\n<li><label for='text-518'>NOM ET PRENOM (requis) <em class=\"cf7s-reqd\">*<\/em> <\/label><span class=\"wpcf7-form-control-wrap text-518\"><input type=\"text\" name=\"text-518\" value=\"\" size=\"40\" class=\"wpcf7-form-control wpcf7-text wpcf7-validates-as-required\" id=\"text-518\" aria-required=\"true\" aria-invalid=\"false\" \/><\/span><\/li>\n<li><label for='email-532'>Email (requis) <em class=\"cf7s-reqd\">*<\/em> <\/label><span class=\"wpcf7-form-control-wrap email-532\"><input type=\"email\" name=\"email-532\" value=\"\" size=\"40\" class=\"wpcf7-form-control wpcf7-text wpcf7-email wpcf7-validates-as-required wpcf7-validates-as-email\" id=\"email-532\" aria-required=\"true\" aria-invalid=\"false\" \/><\/span><\/li>\n<li><label for='text-714'>Soci\u00e9t\u00e9 <\/label><span class=\"wpcf7-form-control-wrap text-714\"><input type=\"text\" name=\"text-714\" value=\"\" size=\"40\" class=\"wpcf7-form-control wpcf7-text\" id=\"text-714\" aria-invalid=\"false\" \/><\/span><\/li>\n<li><label for='text-765'>Sujet <\/label><span class=\"wpcf7-form-control-wrap text-765\"><input type=\"text\" name=\"text-765\" value=\"\" size=\"40\" class=\"wpcf7-form-control wpcf7-text\" id=\"text-765\" aria-invalid=\"false\" \/><\/span><\/li>\n<li><label for='textarea-656'>Message <\/label><span class=\"wpcf7-form-control-wrap textarea-656\"><textarea name=\"textarea-656\" cols=\"40\" rows=\"10\" class=\"wpcf7-form-control wpcf7-textarea\" id=\"textarea-656\" aria-invalid=\"false\"><\/textarea><\/span><\/li>\n<\/ol>\n<p>\n\t\t* Requis\n\t<\/p>\n<\/fieldset>\n<ol>\n<li><label for='file-135'> <\/label><span class=\"wpcf7-form-control-wrap file-135\"><input type=\"file\" name=\"file-135\" size=\"40\" class=\"wpcf7-form-control wpcf7-file\" id=\"file-135\" accept=\".jpg,.jpeg,.png,.gif,.pdf,.doc,.docx,.ppt,.pptx,.odt,.avi,.ogg,.m4a,.mov,.mp3,.mp4,.mpg,.wav,.wmv\" aria-invalid=\"false\" \/><\/span><\/li>\n<\/ol>\n<p><input type=\"submit\" value=\"Envoyer\" class=\"wpcf7-form-control wpcf7-submit\" \/><\/p>\n<div class=\"wpcf7-response-output wpcf7-display-none\" aria-hidden=\"true\"><\/div><\/form><\/div>[\/vc_column][\/vc_row]<\/p>","protected":false},"excerpt":{"rendered":"<p>[vc_row][vc_column][vc_column_text] PETAW OSA est la filiale africaine de PETAW Professionals. Implant\u00e9e au S\u00e9n\u00e9gal et en [&hellip;]<\/p>\n","protected":false},"author":1,"featured_media":0,"parent":0,"menu_order":0,"comment_status":"closed","ping_status":"closed","template":"","meta":{"footnotes":""},"class_list":["post-932","page","type-page","status-publish","hentry"],"_links":{"self":[{"href":"https:\/\/www.petaw.fr\/fr\/wp-json\/wp\/v2\/pages\/932","targetHints":{"allow":["GET"]}}],"collection":[{"href":"https:\/\/www.petaw.fr\/fr\/wp-json\/wp\/v2\/pages"}],"about":[{"href":"https:\/\/www.petaw.fr\/fr\/wp-json\/wp\/v2\/types\/page"}],"author":[{"embeddable":true,"href":"https:\/\/www.petaw.fr\/fr\/wp-json\/wp\/v2\/users\/1"}],"replies":[{"embeddable":true,"href":"https:\/\/www.petaw.fr\/fr\/wp-json\/wp\/v2\/comments?post=932"}],"version-history":[{"count":485,"href":"https:\/\/www.petaw.fr\/fr\/wp-json\/wp\/v2\/pages\/932\/revisions"}],"predecessor-version":[{"id":3141,"href":"https:\/\/www.petaw.fr\/fr\/wp-json\/wp\/v2\/pages\/932\/revisions\/3141"}],"wp:attachment":[{"href":"https:\/\/www.petaw.fr\/fr\/wp-json\/wp\/v2\/media?parent=932"}],"curies":[{"name":"wp","href":"https:\/\/api.w.org\/{rel}","templated":true}]}}